{"id":912,"date":"2023-02-20T14:46:06","date_gmt":"2023-02-20T14:46:06","guid":{"rendered":"https:\/\/grazingboxeshungary.com\/?page_id=912"},"modified":"2023-02-20T14:46:58","modified_gmt":"2023-02-20T14:46:58","slug":"altalanos-szerzodesi-feltetelek","status":"publish","type":"page","link":"https:\/\/grazingboxeshungary.com\/en\/altalanos-szerzodesi-feltetelek\/","title":{"rendered":"\u00c1ltal\u00e1nos szerz\u0151d\u00e9si felt\u00e9telek"},"content":{"rendered":"<p>[et_pb_section fb_built=&#8221;1&#8243; theme_builder_area=&#8221;post_content&#8221; _builder_version=&#8221;4.19.5&#8243; _module_preset=&#8221;default&#8221;][et_pb_row _builder_version=&#8221;4.19.5&#8243; _module_preset=&#8221;default&#8221; theme_builder_area=&#8221;post_content&#8221;][et_pb_column _builder_version=&#8221;4.19.5&#8243; _module_preset=&#8221;default&#8221; type=&#8221;4_4&#8243; theme_builder_area=&#8221;post_content&#8221;][et_pb_text _builder_version=&#8221;4.19.5&#8243; _module_preset=&#8221;default&#8221; theme_builder_area=&#8221;post_content&#8221; hover_enabled=&#8221;0&#8243; sticky_enabled=&#8221;0&#8243;]<\/p>\n<h2><strong>\u00c1ltal\u00e1nos szerz\u0151d\u00e9si felt\u00e9telek<\/strong><\/h2>\n<p><strong><\/strong><\/p>\n<p><strong>A Megb\u00edzott adatai:<\/strong><\/p>\n<p>K\u00e9pvisel\u0151:<\/p>\n<p>Sz\u00e9khely:<\/p>\n<p>Ad\u00f3sz\u00e1m:<\/p>\n<p>Nyilv\u00e1ntart\u00e1si sz\u00e1m:<\/p>\n<p>&nbsp;<\/p>\n<p><strong>Megb\u00edz\u00f3<\/strong>: az a szem\u00e9ly, aki a Megb\u00edzott \u00e1ltal k\u00edn\u00e1lt szolg\u00e1ltat\u00e1st a jelen \u00c1SZF pontjai szerint ig\u00e9nybe veszi.<\/p>\n<p>&nbsp;<\/p>\n<p><strong>1. A szolg\u00e1ltat\u00e1s megnevez\u00e9se:<\/strong><\/p>\n<p>TE\u00c1OR:<\/p>\n<p>Fant\u00e1zian\u00e9v:<\/p>\n<p>&nbsp;<\/p>\n<p><strong>2. A szolg\u00e1ltat\u00e1s c\u00e9lja \u00e9s t\u00e9mak\u00f6re:<\/strong><\/p>\n<p>&nbsp;<\/p>\n<p>&nbsp;<\/p>\n<p><strong>3. A szolg\u00e1ltat\u00e1s helysz\u00edne:<\/strong><\/p>\n<p>A Megb\u00edzott \u00e9s Megb\u00edz\u00f3 \u00e1ltal egyeztetett helysz\u00edn, melyet a Megb\u00edzott biztos\u00edt Megb\u00edz\u00f3 sz\u00e1m\u00e1ra a szolg\u00e1ltat\u00e1s r\u00e9szek\u00e9nt.<\/p>\n<p>&nbsp;<\/p>\n<p><strong>4. A szolg\u00e1ltat\u00e1s ideje \u00e9s lefoly\u00e1sa:<\/strong><\/p>\n<p>A Megb\u00edz\u00f3 \u00e9s Megb\u00edzott \u00e1ltal egyeztetett id\u0151pontban.<\/p>\n<p>Ez egyszeri alkalmas \u201e\u00c9LETC\u00c9L KONZULT\u00c1CI\u00d3\u201d, amikor is Megb\u00edzott v\u00e9gighalad Megb\u00edz\u00f3val a program 3 r\u00e9sz\u00e9n. Ez kb. 7-12 \u00f3ra hossza.<\/p>\n<p>Amennyiben ennyi id\u0151 alatt nem f\u00e9r bele a program lez\u00e1r\u00e1sa, illetve ha a felek k\u00f6z\u00f6sen megegyeznek abban, hogy r\u00f6videbb id\u0151t sz\u00e1nnak az els\u0151 alkalommal a konzult\u00e1ci\u00f3ra, \u00fagy egy m\u00e1sodik alkalmat besz\u00e9lnek meg, amikor is lez\u00e1rj\u00e1k a programot.<\/p>\n<p>A szolg\u00e1ltat\u00e1s egy program, amelyhez Megb\u00edzott b\u0151s\u00e9ges cserek\u00e9nt ad 6 h\u00f3nap ut\u00e1nk\u00f6vet\u00e9s \u2013 konzult\u00e1ci\u00f3t Ez azt jelenti, hogy Megb\u00edzott az \u201e\u00c9LETC\u00c9L KONZULT\u00c1CI\u00d3\u201d leszolg\u00e1ltat\u00e1sa ut\u00e1n havi 1 alkalommal, Megb\u00edz\u00f3val k\u00f6z\u00f6sen egyeztetett id\u0151pontban \u00e9s helysz\u00ednen \u2013 vagy ha ez szem\u00e9lyesen nem lehets\u00e9ges, akkor skypon \u2013 3 h\u00f3napig \u201eut\u00e1nk\u00f6vet\u0151 konzult\u00e1ci\u00f3t\u201d tart Megb\u00edz\u00f3nak, amely KARRIER TAN\u00c1CSAD\u00c1S, \u00e9s amely alkalmank\u00e9nt 1,5 \u00f3ra hossz\u00fa. Megb\u00edzott minden h\u00f3napban 3 id\u0151pontot aj\u00e1nl fel, amelyb\u0151l Megb\u00edz\u00f3 kiv\u00e1lasztja a megfelel\u0151t. Ha a felaj\u00e1nlott 3 alkalomb\u00f3l egy sem felel meg Megb\u00edz\u00f3nak, \u00fagy az adott havi konzult\u00e1ci\u00f3 leszolg\u00e1ltatottnak min\u0151s\u00fcl.<\/p>\n<p>&nbsp;<\/p>\n<p><strong>6. Halaszt\u00e1s<\/strong><\/p>\n<p>Amennyiben Megb\u00edz\u00f3 az \u201e\u00c9letc\u00e9l konzult\u00e1ci\u00f3t\u201d az el\u0151re meg\u00e1llapodott id\u0151ponthoz k\u00e9pest minimum nyolc nappal megel\u0151z\u0151en mondja le, akkor plusz d\u00edj n\u00e9lk\u00fcl van m\u00f3dja egy \u00fajabb id\u0151pont megbesz\u00e9l\u00e9s\u00e9re. Ez csak egyszer lehets\u00e9ges. K\u00f6vetkez\u0151 halaszt\u00e1s eset\u00e9n \u00fajra az \u201e\u00c9LETC\u00c9L KONZULT\u00c1CI\u00d3\u201d szolg\u00e1ltat\u00e1s teljes d\u00edj\u00e1\u00e9rt tudja a szolg\u00e1ltat\u00e1st ig\u00e9nybe venni.<\/p>\n<p>Amennyiben Megb\u00edz\u00f3 az el\u0151re egyeztetett id\u0151ponthoz k\u00e9pest 2-7 napon bel\u00fcl mondja le a konzult\u00e1ci\u00f3t, akkor a k\u00f6vetkez\u0151 konzult\u00e1ci\u00f3t plusz 50.000,- Forint azaz \u00f6tvenezer Forint d\u00edj\u00e9rt tudja ig\u00e9nybe venni. Ez csak egyszer lehets\u00e9ges. K\u00f6vetkez\u0151 halaszt\u00e1s eset\u00e9n \u00fajra az \u201e\u00c9LETC\u00c9L KONZULT\u00c1CI\u00d3\u201d szolg\u00e1ltat\u00e1s teljes d\u00edj\u00e1\u00e9rt tudja a szolg\u00e1ltat\u00e1st ig\u00e9nybe venni.<\/p>\n<p>Amennyiben Megb\u00edz\u00f3 1 nappal a konzult\u00e1ci\u00f3 el\u0151tt akarja lemondani a szolg\u00e1ltat\u00e1st, vagy az \u201e \u00c9LETC\u00c9L KONZULT\u00c1CI\u00d3\u201d szolg\u00e1ltat\u00e1son Megb\u00edz\u00f3 nem jelenik meg, azon nem vesz r\u00e9szt, \u00fagy az adott szolg\u00e1ltat\u00e1s p\u00f3tl\u00e1s\u00e1ra plusz 150.000,- Forint azaz egysz\u00e1z\u00f6tvenezer Forint d\u00edj\u00e9rt van lehet\u0151s\u00e9ge. Ez csak egyszer lehets\u00e9ges. K\u00f6vetkez\u0151 halaszt\u00e1s eset\u00e9n \u00fajra az \u201e\u00c9LETC\u00c9L KONZULT\u00c1CI\u00d3\u201d szolg\u00e1ltat\u00e1s teljes d\u00edj\u00e1\u00e9rt tudja a szolg\u00e1ltat\u00e1st ig\u00e9nybe venni.<\/p>\n<p>&nbsp;<\/p>\n<p><strong>7. Tan\u00e1csad\u00f3i d\u00edj:<\/strong><\/p>\n<p>Az \u201e\u00c9LETC\u00c9L KONZULT\u00c1CI\u00d3\u201d szolg\u00e1ltat\u00e1s d\u00edja 350.000,- azaz h\u00e1romsz\u00e1z\u00f6tvenezer forint, melyet Megb\u00edz\u00f3 1 \u00f6sszegben, k\u00e9szp\u00e9nzben vagy banki \u00e1tutal\u00e1s \u00fatj\u00e1n teljes\u00edthet. Ez a d\u00edj nem tartalmaz \u00c1F\u00c1-t. Ett\u0151l elt\u00e9r\u0151 fizet\u00e9s szem\u00e9lyes egyeztet\u00e9s alapj\u00e1n lehets\u00e9ges.<\/p>\n<p>A Megb\u00edz\u00f3 v\u00e1llalja, hogy a szolg\u00e1ltat\u00e1s d\u00edj\u00e1t a szerz\u0151d\u00e9s megk\u00f6t\u00e9sekor sz\u00e1mla ellen\u00e9ben k\u00e9szp\u00e9nzben fizeti, illetve a szerz\u0151d\u00e9s megk\u00f6t\u00e9s\u00e9t k\u00f6vet\u0151 els\u0151 munkanap \u00e1tutalja Megb\u00edzott: OTP Bank, Bacsa Andr\u00e1s, 11773133 \u2013 00852247 sz\u00e1m\u00fa sz\u00e1ml\u00e1j\u00e1ra, amennyiben nem t\u00f6rt\u00e9nik ett\u0151l elt\u00e9r\u0151 megegyez\u00e9s.<\/p>\n<p>Amennyiben az utalt \u00f6sszeg ezt k\u00f6vet\u0151en legk\u00e9s\u0151bb m\u00e1snap bankz\u00e1r\u00e1sig nem \u00e9rkezik meg, abban az esetben a szolg\u00e1ltat\u00e1si szerz\u0151d\u00e9s nem \u00e9rv\u00e9nyes.<\/p>\n<p>Megb\u00edzott b\u0151s\u00e9ges cserek\u00e9nt ad 3 havi ut\u00e1nk\u00f6vet\u00e9st \u2013 konzult\u00e1ci\u00f3t (3 x 1,5 \u00f3ra \/ 1 alkalom), mely konzult\u00e1ci\u00f3 Megb\u00edz\u00f3nak nem ker\u00fcl plusz k\u00f6lts\u00e9gbe (kiv\u00e9ve azokat a k\u00f6lts\u00e9geket, amelyek a szem\u00e9lyes tal\u00e1lkoz\u00e1shoz val\u00f3 odajut\u00e1s k\u00f6lts\u00e9gei pl. \u00fatik\u00f6lts\u00e9g, aut\u00f3p\u00e1lya matrica, illetve Megb\u00edz\u00f3 egy\u00e9b szem\u00e9lyes k\u00f6lts\u00e9gei).<\/p>\n<p>Az ut\u00e1nk\u00f6vet\u00e9s \u2013 konzult\u00e1ci\u00f3 lehet skypon is abban az esetben, ha valamelyik f\u00e9l akad\u00e1lyoztatva van abban, hogy szem\u00e9lyesen tudjon tal\u00e1lkozni (pl. k\u00fclf\u00f6ld\u00f6n tart\u00f3zkodik).<\/p>\n<p>&nbsp;<\/p>\n<p><strong>8. R\u00e9szv\u00e9teli szab\u00e1lyok:<\/strong><\/p>\n<p>A Megb\u00edz\u00f3 v\u00e1llalja, hogy az \u201e\u00c9LETC\u00c9L KONZULT\u00c1CI\u00d3\u201d el\u0151tt 48 \u00f3r\u00e1val \u00e9s a konzult\u00e1ci\u00f3 teljes id\u0151tartama alatt nem fogyaszt alkoholt \u00e9s kipihenten (el\u0151tte \u00e9jjel minimum 7-8 \u00f3ra alv\u00e1ssal), a kezd\u00e9s el\u0151tt legk\u00e9s\u0151bb 15 perccel a helysz\u00ednre meg\u00e9rkezik.<\/p>\n<p>A Megb\u00edz\u00f3 v\u00e1llalja, hogy az \u201e\u00c9LETC\u00c9L KONZULT\u00c1CI\u00d3\u201d kezdetekor a mobil telefonj\u00e1t len\u00e9m\u00edtott \u00e1llapotban a t\u00e1sk\u00e1j\u00e1ban elhelyezi, \u00e9s azt kiz\u00e1r\u00f3lag a sz\u00fcnetekben haszn\u00e1lja<\/p>\n<p>A Megb\u00edz\u00f3 v\u00e1llalja, hogy jegyzetel\u00e9sre kiz\u00e1r\u00f3lag a sz\u00e1m\u00e1ra biztos\u00edtott jegyzetet haszn\u00e1lja, \u00e9s tudom\u00e1sul veszi, hogy a konzult\u00e1ci\u00f3 teljes ideje alatt sem laptopot, sem tablet-et sem m\u00e1s elektronikus eszk\u00f6zt sem haszn\u00e1lhat.<\/p>\n<p>&nbsp;<\/p>\n<p><strong>9. Felel\u0151ss\u00e9g:<\/strong><\/p>\n<p>Megb\u00edzott kijelenti, \u00e9s a Megb\u00edz\u00f3 tudom\u00e1sul veszi, hogy az \u201e\u00c9LETC\u00c9L KONZULT\u00c1CI\u00d3\u201d \u00e9s az ut\u00e1nk\u00f6vet\u0151 \u201eKARIER TAN\u00c1CSAD\u00c1S\u201dcsup\u00e1n \u00fatmutat\u00e1sul szolg\u00e1l, \u00edgy a m\u00f3dszerek alkalmaz\u00e1s\u00e1b\u00f3l fakad\u00f3 k\u00f6zvetett vagy k\u00f6zvetlen k\u00e1rok\u00e9rt a Megb\u00edzott felel\u0151ss\u00e9get nem v\u00e1llal. Az alkalmaz\u00e1sb\u00f3l ered\u0151 minden felel\u0151ss\u00e9g kiz\u00e1r\u00f3lag a Megb\u00edz\u00f3t terheli.<\/p>\n<p>&nbsp;<\/p>\n<p><strong>10. A szerz\u0151d\u00e9s id\u0151tartama:<\/strong><\/p>\n<p>A felek meg\u00e1llapodnak, hogy az egy\u00fcttm\u0171k\u00f6d\u00e9s id\u0151tartama a szerz\u0151d\u00e9sben megjel\u00f6lt konzult\u00e1ci\u00f3 id\u0151pontj\u00e1t\u00f3l sz\u00e1m\u00edtott 3 h\u00f3nap, mely lej\u00e1rta ut\u00e1n az jelen form\u00e1ban megsz\u0171nik. Jelen szerz\u0151d\u00e9s az al\u00e1bbi egy\u00e9b okok miatt sz\u0171nhet meg:<\/p>\n<p>1.M\u0171k\u00f6dtet\u0151 c\u00e9g megsz\u0171n\u00e9se<\/p>\n<p>2.Egy esetleges recesszi\u00f3b\u00f3l fakad\u00f3 nagyar\u00e1ny\u00fa p\u00e9nz el\u00e9rt\u00e9ktelened\u00e9s eset\u00e9n t\u00f6rt\u00e9n\u0151 \u00e1remel\u00e9s el nem fogad\u00e1sa a Megb\u00edz\u00f3 r\u00e9sz\u00e9r\u0151l.<\/p>\n<p>3.Kezeletlen vit\u00e1k, amelyek a fent le\u00edrt feladatok ell\u00e1t\u00e1s\u00e1t lehetetlenn\u00e9 teszik.<\/p>\n<p>&nbsp;<\/p>\n<p><strong>11. A szolg\u00e1ltat\u00e1s biztos\u00edt\u00e1sa:<\/strong><\/p>\n<p>A Megb\u00edzott megfelel\u0151 szakmai felk\u00e9sz\u00fclts\u00e9g\u0171 szem\u00e9lyt biztos\u00edt a Megb\u00edz\u00f3 r\u00e9sz\u00e9re, aki az \u201e\u00c9LETC\u00c9L KONZULT\u00c1CI\u00d3\u201d-t leszolg\u00e1ltatja.<\/p>\n<p>&nbsp;<\/p>\n<p><strong>12. A teljes\u00edt\u00e9s igazol\u00e1sa:<\/strong><\/p>\n<p>A szolg\u00e1ltat\u00e1s teljes\u00fcl\u00e9s\u00e9r\u0151l a felek \u201eKONZULT\u00c1CI\u00d3 BEIRATKOZ\u00c1SI MEG\u00c1LLAPOD\u00c1S\u201d-t t\u00f6ltenek ki.. Ez egyben teljes\u00edt\u00e9s igazol\u00e1s is, mely igazolja, hogy a Megb\u00edz\u00f3 r\u00e9szt vett az \u201e\u00c9LETC\u00c9L KONZULT\u00c1CI\u00d3\u201d szolg\u00e1ltat\u00e1son, s mely szerint a Megb\u00edzott teljes\u00edtette a szerz\u0151d\u00e9sben v\u00e1llalt k\u00f6telezetts\u00e9geit. Amennyiben a Megb\u00edz\u00f3 saj\u00e1t hib\u00e1j\u00e1b\u00f3l nem vett r\u00e9szt a szolg\u00e1ltat\u00e1son, \u00fagy e szerz\u0151d\u00e9s 6\/1; 6\/2 illetve 6\/3-as pontja l\u00e9p \u00e9letbe.<\/p>\n<p>&nbsp;<\/p>\n<p><strong>13. Hang- \u00e9s k\u00e9pfelv\u00e9tel:<\/strong><\/p>\n<p>A Megb\u00edz\u00f3 tudom\u00e1sul veszi, hogy a Megb\u00edzott enged\u00e9lye n\u00e9lk\u00fcl semmif\u00e9le hangfelv\u00e9telt nem k\u00e9sz\u00edthet az \u201e\u00c9LETC\u00c9L KONZULT\u00c1CI\u00d3\u201d sor\u00e1n. Amennyiben ezt m\u00e9gis megteszi, abban az esetben v\u00e1llalja, hogy egy h\u00f3napon bel\u00fcl 2 milli\u00f3 forintot megfizet a Megb\u00edzott r\u00e9sz\u00e9re.<\/p>\n<p>&nbsp;<\/p>\n<p><strong>14. Egy\u00e9b rendelkez\u00e9sek:\u00a0<\/strong><\/p>\n<p>A Felek esetleges vit\u00e1s k\u00e9rd\u00e9seiket b\u00e9k\u00e9s \u00faton, egym\u00e1s k\u00f6lcs\u00f6n\u00f6s tiszteletben tart\u00e1s\u00e1val rendezik. Amennyiben ez nem vezetne eredm\u00e9nyre, akkor egy k\u00f6z\u00f6sen v\u00e1lasztott Kereskedelmi Kamara B\u00e9k\u00e9ltet\u0151 Szervezet\u00e9n\u00e9l, p\u00e9ld\u00e1ul a Budapesti Charter Bizotts\u00e1gn\u00e1l keresnek megold\u00e1st, vagy a Budapesti Kereskedelmi- \u00e9s Iparkamara mellett m\u0171k\u00f6d\u0151 V\u00e1lasztott b\u00edr\u00f3s\u00e1got, mint illet\u00e9kes fels\u0151bb szervet, amely el\u0151tt vit\u00e1ikat rendezik. A jelen szerz\u0151d\u00e9sben nem szab\u00e1lyozott k\u00e9rd\u00e9sekre a Polg\u00e1ri T\u00f6rv\u00e9nyk\u00f6nyv megfelel\u0151 rendelkez\u00e9sei az ir\u00e1nyad\u00f3k. A jelen szerz\u0151d\u00e9s al\u00e1\u00edr\u00e1s\u00e1nak napj\u00e1n l\u00e9p hat\u00e1lyba. Kifejezetten k\u00e9rj\u00fck, hogy a jelen meg\u00e1llapod\u00e1st kiz\u00e1r\u00f3lag akkor hagyja j\u00f3v\u00e1, ha a fenti felt\u00e9telekkel egyet\u00e9rt, \u00e9s biztos abban, hogy tudja v\u00e1llalni ezeket a felt\u00e9teleket.<\/p>\n<p>Legutols\u00f3 m\u00f3dos\u00edt\u00e1s: 2023. febru\u00e1r 20.<\/p>\n<p>[\/et_pb_text][\/et_pb_column][\/et_pb_row][\/et_pb_section]<\/p>","protected":false},"excerpt":{"rendered":"<p>\u00c1ltal\u00e1nos szerz\u0151d\u00e9si felt\u00e9telek A Megb\u00edzott adatai: K\u00e9pvisel\u0151: Sz\u00e9khely: Ad\u00f3sz\u00e1m: Nyilv\u00e1ntart\u00e1si sz\u00e1m: &nbsp; Megb\u00edz\u00f3: az a szem\u00e9ly, aki a Megb\u00edzott \u00e1ltal k\u00edn\u00e1lt szolg\u00e1ltat\u00e1st a jelen \u00c1SZF pontjai szerint ig\u00e9nybe veszi. &nbsp; 1. A szolg\u00e1ltat\u00e1s megnevez\u00e9se: TE\u00c1OR: Fant\u00e1zian\u00e9v: &nbsp; 2. A szolg\u00e1ltat\u00e1s c\u00e9lja \u00e9s t\u00e9mak\u00f6re: &nbsp; &nbsp; 3. A szolg\u00e1ltat\u00e1s helysz\u00edne: A Megb\u00edzott \u00e9s Megb\u00edz\u00f3 \u00e1ltal egyeztetett [&hellip;]<\/p>","protected":false},"author":1,"featured_media":0,"parent":0,"menu_order":0,"comment_status":"closed","ping_status":"closed","template":"","meta":{"_et_pb_use_builder":"on","_et_pb_old_content":"","_et_gb_content_width":"","footnotes":""},"class_list":["post-912","page","type-page","status-publish","hentry"],"_links":{"self":[{"href":"https:\/\/grazingboxeshungary.com\/en\/wp-json\/wp\/v2\/pages\/912","targetHints":{"allow":["GET"]}}],"collection":[{"href":"https:\/\/grazingboxeshungary.com\/en\/wp-json\/wp\/v2\/pages"}],"about":[{"href":"https:\/\/grazingboxeshungary.com\/en\/wp-json\/wp\/v2\/types\/page"}],"author":[{"embeddable":true,"href":"https:\/\/grazingboxeshungary.com\/en\/wp-json\/wp\/v2\/users\/1"}],"replies":[{"embeddable":true,"href":"https:\/\/grazingboxeshungary.com\/en\/wp-json\/wp\/v2\/comments?post=912"}],"version-history":[{"count":2,"href":"https:\/\/grazingboxeshungary.com\/en\/wp-json\/wp\/v2\/pages\/912\/revisions"}],"predecessor-version":[{"id":914,"href":"https:\/\/grazingboxeshungary.com\/en\/wp-json\/wp\/v2\/pages\/912\/revisions\/914"}],"wp:attachment":[{"href":"https:\/\/grazingboxeshungary.com\/en\/wp-json\/wp\/v2\/media?parent=912"}],"curies":[{"name":"wp","href":"https:\/\/api.w.org\/{rel}","templated":true}]}}