{"id":702,"date":"2023-02-14T06:00:37","date_gmt":"2023-02-14T06:00:37","guid":{"rendered":"https:\/\/grazingboxeshungary.com\/?page_id=702"},"modified":"2023-02-15T06:34:50","modified_gmt":"2023-02-15T06:34:50","slug":"tortenetunk","status":"publish","type":"page","link":"https:\/\/grazingboxeshungary.com\/en\/tortenetunk\/","title":{"rendered":"Our history"},"content":{"rendered":"<p>[et_pb_section fb_built=&#8221;1&#8243; _builder_version=&#8221;4.14.1&#8243; _module_preset=&#8221;default&#8221; custom_padding=&#8221;0px||31px|||&#8221; global_colors_info=&#8221;{}&#8221;][et_pb_row _builder_version=&#8221;4.14.1&#8243; _module_preset=&#8221;default&#8221; custom_margin=&#8221;|auto|-32px|auto||&#8221; global_colors_info=&#8221;{}&#8221;][et_pb_column type=&#8221;4_4&#8243; _builder_version=&#8221;4.14.1&#8243; _module_preset=&#8221;default&#8221; global_colors_info=&#8221;{}&#8221;][et_pb_text _builder_version=&#8221;4.14.1&#8243; _module_preset=&#8221;default&#8221; header_font=&#8221;Poppins|600||on|||||&#8221; header_text_color=&#8221;#C9A451&#8243; header_font_size=&#8221;26px&#8221; animation_style=&#8221;slide&#8221; global_colors_info=&#8221;{}&#8221;]<\/p>\n<h1 style=\"text-align: center;\">Our history<\/h1>\n<p>[\/et_pb_text][\/et_pb_column][\/et_pb_row][\/et_pb_section][et_pb_section fb_built=&#8221;1&#8243; _builder_version=&#8221;4.14.1&#8243; _module_preset=&#8221;default&#8221; custom_padding=&#8221;0px|||||&#8221; animation_style=&#8221;slide&#8221; global_colors_info=&#8221;{}&#8221;][et_pb_row column_structure=&#8221;1_2,1_2&#8243; _builder_version=&#8221;4.14.1&#8243; _module_preset=&#8221;default&#8221; global_colors_info=&#8221;{}&#8221;][et_pb_column type=&#8221;1_2&#8243; _builder_version=&#8221;4.14.1&#8243; _module_preset=&#8221;default&#8221; global_colors_info=&#8221;{}&#8221;][et_pb_image src=&#8221;https:\/\/grazingboxeshungary.com\/wp-content\/uploads\/2022\/03\/7474DFD3-2AF8-4F10-B730-6BFADDF41761.jpeg&#8221; title_text=&#8221;7474DFD3-2AF8-4F10-B730-6BFADDF41761&#8243; _builder_version=&#8221;4.14.1&#8243; _module_preset=&#8221;default&#8221; width=&#8221;99%&#8221; global_colors_info=&#8221;{}&#8221;][\/et_pb_image][\/et_pb_column][et_pb_column type=&#8221;1_2&#8243; _builder_version=&#8221;4.14.1&#8243; _module_preset=&#8221;default&#8221; global_colors_info=&#8221;{}&#8221;][et_pb_text _builder_version=&#8221;4.14.1&#8243; _module_preset=&#8221;default&#8221; text_font=&#8221;Poppins||||||||&#8221; text_text_color=&#8221;#141414&#8243; text_font_size=&#8221;16px&#8221; text_line_height=&#8221;1.8em&#8221; header_font=&#8221;Poppins||||||||&#8221; header_text_color=&#8221;#C9A451&#8243; global_colors_info=&#8221;{}&#8221;]<\/p>\n<h1><strong>How did it all begin?<\/strong><\/h1>\n<p><span style=\"font-weight: 400;\"><\/span><\/p>\n<p><span style=\"font-weight: 400;\">Our life journey started in Ankli's Budapest apartment restaurant in January 2019! In response to the epidemic situation, we created our Grazing boxes, in which we enclosed our premium-quality Tapas bowl offered in the restaurant, so that you can eat it in your homes, workplaces or even outdoors.<\/span><\/p>\n<p><span style=\"font-weight: 400;\">Our development didn't stop there, so today we can fulfill the individual catering needs of companies, press conferences, weddings or any event, starting with very small family events.<\/span><\/p>\n<p>[\/et_pb_text][\/et_pb_column][\/et_pb_row][et_pb_row column_structure=&#8221;1_2,1_2&#8243; _builder_version=&#8221;4.14.1&#8243; _module_preset=&#8221;default&#8221; global_colors_info=&#8221;{}&#8221;][et_pb_column type=&#8221;1_2&#8243; _builder_version=&#8221;4.14.1&#8243; _module_preset=&#8221;default&#8221; global_colors_info=&#8221;{}&#8221;][et_pb_text _builder_version=&#8221;4.14.1&#8243; _module_preset=&#8221;default&#8221; text_font=&#8221;Poppins||||||||&#8221; text_text_color=&#8221;#141414&#8243; text_font_size=&#8221;16px&#8221; text_line_height=&#8221;1.9em&#8221; header_font=&#8221;Poppins||||||||&#8221; header_text_color=&#8221;#C9A451&#8243; custom_padding=&#8221;|0px||||&#8221; global_colors_info=&#8221;{}&#8221;]<\/p>\n<h1><b>What exactly is a Grazing box?<\/b><\/h1>\n<p><b><\/b><\/p>\n<p><span style=\"font-weight: 400;\">The premium grazing boxes include selected high-quality products from domestic and foreign producers.<\/span><b><\/b><\/p>\n<p><span style=\"font-weight: 400;\">Artisanal cheeses, seasonal vegetables and fruits, including dried table fruits, as well as high-quality deli meats, mezze creams, selected anti pasti, Mediterranean bread. Thinking about our future customers who prefer a meat-free diet, we created the Vega, Fruit and Mezze boxes. The most popular products of our customers so far are the Tapas box and the Grazing table.<\/span><\/p>\n<p>[\/et_pb_text][et_pb_button button_text=&#8221;Term\u00e9keink&#8221; _builder_version=&#8221;4.14.1&#8243; _module_preset=&#8221;default&#8221; custom_button=&#8221;on&#8221; button_text_color=&#8221;#FFFFFF&#8221; button_bg_color=&#8221;#C9A451&#8243; button_bg_enable_color=&#8221;on&#8221; button_border_color=&#8221;#C9A451&#8243; button_font=&#8221;Poppins||||||||&#8221; button_use_icon=&#8221;off&#8221; hover_enabled=&#8221;0&#8243; sticky_enabled=&#8221;0&#8243; button_url=&#8221;@ET-DC@eyJkeW5hbWljIjp0cnVlLCJjb250ZW50IjoicG9zdF9saW5rX3VybF9wYWdlIiwic2V0dGluZ3MiOnsicG9zdF9pZCI6IjcwNCJ9fQ==@&#8221; _dynamic_attributes=&#8221;button_url&#8221;][\/et_pb_button][\/et_pb_column][et_pb_column type=&#8221;1_2&#8243; _builder_version=&#8221;4.14.1&#8243; _module_preset=&#8221;default&#8221; global_colors_info=&#8221;{}&#8221;][et_pb_image src=&#8221;https:\/\/grazingboxeshungary.com\/wp-content\/uploads\/2022\/03\/D9563D81-4473-4578-A790-6E3C5F3BC2E2.jpeg&#8221; title_text=&#8221;D9563D81-4473-4578-A790-6E3C5F3BC2E2&#8243; _builder_version=&#8221;4.14.1&#8243; _module_preset=&#8221;default&#8221; global_colors_info=&#8221;{}&#8221;][\/et_pb_image][\/et_pb_column][\/et_pb_row][\/et_pb_section]<\/p>","protected":false},"excerpt":{"rendered":"<p>T\u00f6rt\u00e9net\u00fcnkHogy kezd\u0151d\u00f6tt az eg\u00e9sz? \u00c9letutunk az Ankli\u2019s Budapest lak\u00e1s\u00e9tteremben indult 2019. janu\u00e1rj\u00e1ban! A kialakult j\u00e1rv\u00e1nyhelyzetre reag\u00e1lva alkottuk Grazing boxainkat, melyekbe az \u00e9tteremben k\u00edn\u00e1lt pr\u00e9mium min\u0151s\u00e9g\u0171 Tapas t\u00e1lunkat z\u00e1rtuk, hogy az otthonaitokban, munkahelyeteken vagy ak\u00e1r a szabadban is elfogyaszthass\u00e1tok. Tov\u00e1bbiakban sem \u00e1llt meg a fejl\u0151d\u00e9s\u00fcnk, \u00edgy ma m\u00e1r eg\u00e9szen kis l\u00e9tsz\u00e1m\u00fa csal\u00e1di esem\u00e9nyekt\u0151l kezdve c\u00e9gek, sajt\u00f3t\u00e1j\u00e9koztat\u00f3k, [&hellip;]<\/p>","protected":false},"author":1,"featured_media":0,"parent":0,"menu_order":0,"comment_status":"closed","ping_status":"closed","template":"","meta":{"_et_pb_use_builder":"on","_et_pb_old_content":"","_et_gb_content_width":"","footnotes":""},"class_list":["post-702","page","type-page","status-publish","hentry"],"_links":{"self":[{"href":"https:\/\/grazingboxeshungary.com\/en\/wp-json\/wp\/v2\/pages\/702","targetHints":{"allow":["GET"]}}],"collection":[{"href":"https:\/\/grazingboxeshungary.com\/en\/wp-json\/wp\/v2\/pages"}],"about":[{"href":"https:\/\/grazingboxeshungary.com\/en\/wp-json\/wp\/v2\/types\/page"}],"author":[{"embeddable":true,"href":"https:\/\/grazingboxeshungary.com\/en\/wp-json\/wp\/v2\/users\/1"}],"replies":[{"embeddable":true,"href":"https:\/\/grazingboxeshungary.com\/en\/wp-json\/wp\/v2\/comments?post=702"}],"version-history":[{"count":10,"href":"https:\/\/grazingboxeshungary.com\/en\/wp-json\/wp\/v2\/pages\/702\/revisions"}],"predecessor-version":[{"id":861,"href":"https:\/\/grazingboxeshungary.com\/en\/wp-json\/wp\/v2\/pages\/702\/revisions\/861"}],"wp:attachment":[{"href":"https:\/\/grazingboxeshungary.com\/en\/wp-json\/wp\/v2\/media?parent=702"}],"curies":[{"name":"wp","href":"https:\/\/api.w.org\/{rel}","templated":true}]}}